{"id":18,"date":"2022-04-06T12:39:57","date_gmt":"2022-04-06T10:39:57","guid":{"rendered":"http:\/\/localhost\/castore\/?page_id=18"},"modified":"2022-06-09T15:46:46","modified_gmt":"2022-06-09T13:46:46","slug":"privacy-policy-2","status":"publish","type":"page","link":"https:\/\/castorespl.it\/?page_id=18","title":{"rendered":"Privacy policy"},"content":{"rendered":"\n<p>Informativa privacy di Castore Servizi Pubblici Locali S.r.l.<br><strong>Ai sensi dell&#8217;art. 13 Reg. UE 2016\/679 \u2013 Regolamento generale sulla protezione dei dati<\/strong><\/p>\n\n\n\n<p>Questa informativa \u00e8 fornita agli Utenti che interagiscono con il sito di Castore SPL S.r.l. accessibile all\u2019indirizzo&nbsp;<a href=\"http:\/\/www.castorespl.it\">www.castorespl.it.<\/a>&nbsp;La presente informativa non \u00e8 estesa ad altri siti web eventualmente consultati dall\u2019Interessato tramite navigazione dei link presenti sul Sito<\/p>\n\n\n\n<h3 class=\"wp-block-heading\"><strong>CHI E\u2019 IL TITOLARE DEL TRATTAMENTO<\/strong><\/h3>\n\n\n\n<p>Il &#8220;titolare&#8221; del trattamento dei dati relativi a persone identificate o identificabili che hanno consultato questo sito, \u00e8 Castore SPL S.r.l., con sede legale in: Reggio Calabria, Piazza Italia, presso la Casa Comunale.<br>In qualsiasi momento l\u2019Interessato potr\u00e0 chiedere la lista aggiornata di tutti i Responsabili del trattamento nominati dal Titolare.<\/p>\n\n\n\n<h3 class=\"wp-block-heading\"><strong>CHE TIPO DI DATI VENGONO TRATTATI<\/strong><\/h3>\n\n\n\n<p>Fra i Dati raccolti dal sito di Castore, in modo autonomo o tramite terze parti, ci sono: Dati di utilizzo; Cookie.<\/p>\n\n\n\n<h3 class=\"wp-block-heading\"><strong>Dati di navigazione &#8211; log files<\/strong><\/h3>\n\n\n\n<p>I sistemi informatici e gli applicativi dedicati al funzionamento di questo sito web rilevano, nel corso del loro normale funzionamento, alcuni dati non associati a Interessati direttamente identificabili (la loro trasmissione \u00e8 implicita nell&#8217;uso dei protocolli di comunicazione di Internet). Tra i dati raccolti sono compresi gli indirizzi IP e i nomi di dominio dei computer utilizzati dagli Utenti che si connettono al sito, gli indirizzi in notazione URI (Uniform Resource Identifier) delle risorse richieste, l&#8217;orario della richiesta, il metodo utilizzato nel sottoporre la richiesta al server, la dimensione del file ottenuto in risposta, il codice numerico indicante lo stato della risposta data dal server (buon fine, errore, ecc.) ed altri parametri riguardanti il sistema operativo e l&#8217;ambiente informatico utilizzato dall&#8217;Interessato. Questi dati vengono trattati, per il tempo strettamente necessario, al solo fine di ricavare informazioni statistiche anonime sull&#8217;uso del sito e per controllarne il regolare funzionamento.<\/p>\n\n\n\n<h3 class=\"wp-block-heading\"><strong>Dati forniti volontariamente dall&#8217;Interessato<\/strong><\/h3>\n\n\n\n<p>L&#8217;invio volontario ed esplicito di posta elettronica agli indirizzi indicati nei differenti canali di accesso di questo sito e la compilazione dei &#8220;moduli&#8221; (form) specificamente predisposti comportano la successiva acquisizione dei dati anagrafici, di recapito e relativi alle preferenze degli utenti. Tali dati sono necessari per rispondere alle istanze ricevute e\/o erogare il servizio richiesto. Specifiche informative di sintesi potranno essere riportate o visualizzate nelle pagine del sito predisposte per particolari servizi a richiesta.<\/p>\n\n\n\n<h3 class=\"wp-block-heading\"><strong>COOKIES<\/strong><\/h3>\n\n\n\n<p>I cookie sono piccoli file di testo che i siti visitati inviano al terminale dell&#8217;Interessato, dove vengono memorizzati, per poi essere utilizzati secondo quanto di seguito descritto:<\/p>\n\n\n\n<h3 class=\"wp-block-heading\"><strong>&#8211; Cookie tecnici<\/strong><\/h3>\n\n\n\n<p>Cookie di sessione utilizzati per la navigazione tra le pagine del sito che vengono eliminati quando si chiude l&#8217;applicazione.<\/p>\n\n\n\n<h3 class=\"wp-block-heading\"><strong>&#8211; Cookie analytics<\/strong><\/h3>\n\n\n\n<p>Cookie utilizzati per raccogliere informazioni in forma aggregata, ad esempio sul numero degli utenti e su come gli stessi visitano il sito; i cookie analytics consentono, tra l\u2019altro, la raccolta e l\u2019elaborazione dei dati di navigazione dell\u2019Interessato ed altri parametri relativi al sistema operativo e all&#8217;ambiente informatico dell&#8217;Interessato; i dati sono raccolti all\u2019unico fine di elaborare informazioni statistiche anonime sull&#8217;uso del sito e per verificare il corretto funzionamento dello stesso.<br>I cookie utilizzati dal sito non consentono la raccolta di informazioni personali relative all\u2019Interessato e si cancellano automaticamente con la chiusura del browser di navigazione. I cookie non sono utilizzati per attivit\u00e0 di profilazione dell\u2019Interessato. L\u2019Interessato pu\u00f2 scegliere di abilitare o disabilitare i cookie intervenendo sulle impostazioni del proprio browser di navigazione secondo le istruzioni rese disponibili dai relativi fornitori. La disabilitazione dei cookie di sessione pu\u00f2 comportare il malfunzionamento di alcune parti del sito.<\/p>\n\n\n\n<h3 class=\"wp-block-heading\"><strong>PER QUALI FINALITA&#8217;VENGONO TRATTAMENTO I DATI<\/strong><\/h3>\n\n\n\n<p>Castore effettua trattamenti di dati personali nei limiti di quanto ci\u00f2 sia strettamente necessario allo svolgimento delle funzioni istituzionali (ad esempio, con riferimento alla pubblicazione di dati e documenti nella sezione \u201cSociet\u00e0 Trasparente\u201d). Viene escluso il trattamento quando le finalit\u00e0 perseguite possono essere realizzate mediante dati anonimi o modalit\u00e0 che permettono di identificare l&#8217;interessato solo in caso di necessit\u00e0.<br>Specifiche finalit\u00e0, relative ai singoli trattamenti, potranno essere segnalate in maniera dettagliata nell&#8217;ambito dei vari canali di accesso. All&#8217;interno di essi l&#8217;Interessato potr\u00e0 trovare informazioni integrative sul trattamento dei dati personali.<\/p>\n\n\n\n<h3 class=\"wp-block-heading\"><strong>PER QUANTO TEMPO VENGONO CONSERVATI<\/strong><\/h3>\n\n\n\n<p>I Dati sono trattati e conservati per il tempo richiesto dalle finalit\u00e0 per le quali sono stati raccolti. Pertanto:<\/p>\n\n\n\n<p><strong>\u2022<\/strong>&nbsp;&nbsp;I Dati Personali raccolti per scopi collegati all\u2019esecuzione di un contratto tra il Titolare e l\u2019Interessato saranno trattenuti sino a quando sia completata l\u2019esecuzione di tale contratto.<\/p>\n\n\n\n<p><strong>\u2022<\/strong>&nbsp;&nbsp;I Dati Personali raccolti per finalit\u00e0 riconducibili all\u2019interesse legittimo del Titolare saranno trattenuti sino al soddisfacimento di tale interesse. L\u2019Interessato pu\u00f2 ottenere ulteriori informazioni in merito all\u2019interesse legittimo perseguito dal Titolare nelle relative sezioni di questo documento o contattando il Titolare<\/p>\n\n\n\n<p>Quando il trattamento \u00e8 basato sul consenso dell\u2019Interessato, il Titolare pu\u00f2 conservare i Dati Personali pi\u00f9 a lungo sino a quando detto consenso non venga revocato. Inoltre, il Titolare potrebbe essere obbligato a conservare i Dati Personali per un periodo pi\u00f9 lungo in ottemperanza ad un obbligo di legge o per ordine di un\u2019autorit\u00e0. Al termine del periodo di conservazione i Dati Personali saranno cancellati. Pertanto, allo spirare di tale termine il diritto di accesso, cancellazione, rettificazione ed il diritto alla portabilit\u00e0 dei Dati non potranno pi\u00f9 essere esercitati.<\/p>\n\n\n\n<h3 class=\"wp-block-heading\"><strong>IN CHE MODO VENGONO TRATTATI I DATI<\/strong><\/h3>\n\n\n\n<p>Il Titolare adotta le opportune misure di sicurezza volte ad impedire l\u2019accesso, la divulgazione, la modifica o la distruzione non autorizzate dei Dati Personali.<br>I dati personali sono trattati con strumenti automatizzati per il tempo strettamente necessario a conseguire gli scopi per cui sono raccolti.<br>Oltre al Titolare, in alcuni casi, potrebbero avere accesso ai Dati altri soggetti coinvolti nell\u2019organizzazione di questo sito web (personale amministrativo, legali, amministratori di sistema) ovvero soggetti esterni (come fornitori di servizi tecnici terzi, hosting provider, societ\u00e0 informatiche) nominati anche, se necessario, Responsabili del Trattamento da parte del Titolare. L\u2019elenco aggiornato dei Responsabili potr\u00e0 sempre essere richiesto al Titolare del Trattamento.<\/p>\n\n\n\n<h3 class=\"wp-block-heading\"><strong>SI PUO SCEGLIERE DI NON FORNIRE I DATI?<\/strong><\/h3>\n\n\n\n<p>L&#8217;Interessato \u00e8 libero di fornire i dati personali riportati nei moduli di richiesta dei vari servizi offerti nel sito; il mancato conferimento dei dati richiesti obbligatoriamente, contrassegnati da asterisco, comporter\u00e0 l&#8217;impossibilit\u00e0 di ottenere il servizio.<\/p>\n\n\n\n<h3 class=\"wp-block-heading\"><strong>COMUNICAZIONE E\/O DIFFUSIONE DEI DATI<\/strong><\/h3>\n\n\n\n<p>I dati personali degli utenti sono utilizzati unicamente al fine di erogare il servizio o la prestazione richiesta e sono comunicati a terzi nei soli casi in cui:<\/p>\n\n\n\n<p><strong>\u2022<\/strong>&nbsp;&nbsp;l\u2019Interessato ha prestato il consenso per una o pi\u00f9 finalit\u00e0 specifiche;<\/p>\n\n\n\n<p><strong>\u2022<\/strong>&nbsp;&nbsp;il trattamento \u00e8 necessario all&#8217;esecuzione di un contratto con l\u2019Interessato e\/o all&#8217;esecuzione di misure precontrattuali;<\/p>\n\n\n\n<p><strong>\u2022<\/strong>&nbsp;&nbsp;il trattamento \u00e8 necessario per adempiere un obbligo legale al quale \u00e8 soggetto il Titolare;<\/p>\n\n\n\n<p><strong>\u2022<\/strong>&nbsp;&nbsp;il trattamento \u00e8 necessario per l&#8217;esecuzione di un compito di interesse pubblico o per l&#8217;esercizio di pubblici poteri di cui \u00e8 investito il Titolare;<\/p>\n\n\n\n<p><strong>\u2022<\/strong>&nbsp;&nbsp;il trattamento \u00e8 necessario per il perseguimento del legittimo interesse del Titolare o di terzi.<\/p>\n\n\n\n<p><strong>\u2022<\/strong>&nbsp;&nbsp;ci\u00f2 \u00e8 necessario per l&#8217;adempimento delle richieste;<\/p>\n\n\n\n<p>I trattamenti connessi ai servizi web di questo sito sono curati da personale tecnico di Castore o da soggetti esterni appositamente incaricati.<br>\u00c8 comunque sempre possibile richiedere al Titolare di chiarire la concreta base giuridica di ciascun trattamento ed in particolare di specificare se il trattamento sia basato sulla legge, previsto da un contratto o necessario per concludere un contratto.<\/p>\n\n\n\n<h3 class=\"wp-block-heading\"><strong>DOVE VENGONO TRATTATI I DATI<\/strong><\/h3>\n\n\n\n<p>I Dati sono trattati presso le sedi operative del Titolare ed in ogni altro luogo in cui le parti coinvolte nel trattamento siano localizzate.<br>I Dati Personali dell\u2019Interessato potrebbero essere trasferiti in un paese diverso da quello in cui l\u2019Interessato si trova.<br>L\u2019Interessato ha diritto a ottenere informazioni in merito alla base giuridica del trasferimento di Dati al di fuori dell\u2019Unione Europea o ad un\u2019organizzazione internazionale di diritto internazionale pubblico o costituita da due o pi\u00f9 paesi, come ad esempio l\u2019ONU, nonch\u00e9 in merito alle misure di sicurezza adottate dal Titolare per proteggere i Dati.<br>L\u2019Interessato pu\u00f2 verificare se abbia luogo uno dei trasferimenti appena descritti chiedendo informazioni al Titolare.<\/p>\n\n\n\n<h3 class=\"wp-block-heading\"><strong>CHE DIRITTI HANNO GLI INTERESSATI<\/strong><\/h3>\n\n\n\n<p>Gli interessati hanno il diritto di chiedere al titolare del trattamento l&#8217;accesso ai dati personali e la rettifica o la cancellazione degli stessi o la limitazione del trattamento che li riguarda o di opporsi al trattamento (artt. 15 e ss. del RGPD).<br>L&#8217;apposita istanza pu\u00f2 essere presentata contattando il Responsabile della protezione dei dati all\u2019indirizzo&nbsp;&#8230;&#8230;<br>Gli interessati, ricorrendone i presupposti, hanno, altres\u00ec, il diritto di proporre reclamo al Garante per la protezione dei dati personali quale autorit\u00e0 di controllo secondo le procedure previste.<\/p>\n\n\n\n<h3 class=\"wp-block-heading\"><strong>MODIFICHE ALL\u2019INFORMATIVA<\/strong><\/h3>\n\n\n\n<p>Il Titolare del Trattamento si riserva il diritto di apportare modifiche alla presente privacy policy in qualunque momento dandone informazione agli Interessati su questa pagina nonch\u00e9, qualora tecnicamente e legalmente fattibile, inviando una notifica agli Interessati attraverso uno degli estremi di contatto di cui \u00e8 in possesso il Titolare. Si prega dunque di consultare regolarmente questa pagina, facendo riferimento alla data di ultima modifica indicata in fondo.<br>Qualora le modifiche interessino trattamenti la cui base giuridica \u00e8 il consenso, il Titolare provveder\u00e0 a raccogliere nuovamente il consenso dell\u2019Interessato, se necessario.<\/p>\n\n\n\n<h2 class=\"wp-block-heading\"><strong>DEFINIZIONI E RIFERIMENTI LEGALI<\/strong><\/h2>\n\n\n\n<h3 class=\"wp-block-heading\"><strong>Dati Personali (o Dati)<\/strong><\/h3>\n\n\n\n<p>Costituisce dato personale qualunque informazione che, direttamente o indirettamente, anche in collegamento con qualsiasi altra informazione, ivi compreso un numero di identificazione personale, renda identificata o identificabile una persona fisica.<\/p>\n\n\n\n<h3 class=\"wp-block-heading\"><strong>Dati di Utilizzo<\/strong><\/h3>\n\n\n\n<p>Sono le informazioni raccolte automaticamente attraverso il sito www.castorespl.it (di seguito \u201cil Sito\u201d) o anche tramite applicazioni di parti terze integrate allo stesso sito, tra cui: gli indirizzi IP o i nomi a dominio dei computer utilizzati dall\u2019Utente che si connette con il Sito, gli indirizzi in notazione URI (Uniform Resource Identifier), l\u2019orario della richiesta, il metodo utilizzato nell\u2019inoltrare la richiesta al server, la dimensione del file ottenuto in risposta, il codice numerico indicante lo stato della risposta dal server (buon fine, errore, ecc.) il paese di provenienza, le caratteristiche del browser e del sistema operativo utilizzati dal visitatore, le varie connotazioni temporali della visita (ad esempio il tempo di permanenza su ciascuna pagina) e i dettagli relativi all\u2019itinerario seguito all\u2019interno dell\u2019Applicazione, con particolare riferimento alla sequenza delle pagine consultate, ai parametri relativi al sistema operativo e all\u2019ambiente informatico dell\u2019Utente.<\/p>\n\n\n\n<h3 class=\"wp-block-heading\"><strong>Utente<\/strong><\/h3>\n\n\n\n<p>L&#8217;individuo che utilizza il Sito che, salvo ove diversamente specificato, coincide con l&#8217;Interessato.<\/p>\n\n\n\n<h3 class=\"wp-block-heading\"><strong>Interessato<\/strong><\/h3>\n\n\n\n<p>La persona fisica cui si riferiscono i Dati Personali.<\/p>\n\n\n\n<h3 class=\"wp-block-heading\"><strong>Responsabile del Trattamento (o Responsabile)<\/strong><\/h3>\n\n\n\n<p>La persona fisica, giuridica, la pubblica amministrazione e qualsiasi altro ente che tratta dati personali per conto del Titolare, secondo quanto esposto nella presente privacy policy.<\/p>\n\n\n\n<h3 class=\"wp-block-heading\"><strong>Titolare del Trattamento (o Titolare)<\/strong><\/h3>\n\n\n\n<p>La persona fisica o giuridica, l&#8217;autorit\u00e0 pubblica, il servizio o altro organismo che, singolarmente o insieme ad altri, determina le finalit\u00e0 e i mezzi del trattamento di dati personali e gli strumenti adottati, ivi comprese le misure di sicurezza relative al funzionamento ed alla fruizione del Sito. Il Titolare del Trattamento, salvo quanto diversamente specificato, \u00e8 il titolare del Sito.<\/p>\n\n\n\n<h3 class=\"wp-block-heading\"><strong>Il Sito di Castore<\/strong><\/h3>\n\n\n\n<p>Lo strumento hardware o software mediante il quale sono raccolti e trattati i Dati Personali degli Utenti.<\/p>\n\n\n\n<h3 class=\"wp-block-heading\"><strong>Unione Europea (o UE)<\/strong><\/h3>\n\n\n\n<p>Salvo ove diversamente specificato, ogni riferimento all\u2019Unione Europea contenuto in questo documento si intende esteso a tutti gli attuali stati membri dell\u2019Unione Europea e dello Spazio Economico Europeo.<\/p>\n\n\n\n<h3 class=\"wp-block-heading\"><strong>Riferimenti legali<\/strong><\/h3>\n\n\n\n<p>La presente informativa privacy \u00e8 redatta sulla base di molteplici ordinamenti legislativi, inclusi gli artt. 13 e 14 del Regolamento (UE) 2016\/679.<\/p>\n","protected":false},"excerpt":{"rendered":"<p>Informativa privacy di Castore Servizi Pubblici Locali S.r.l.Ai sensi dell&#8217;art. 13 Reg. UE 2016\/679 \u2013 Regolamento generale sulla protezione dei dati Questa informativa \u00e8 fornita &#8230; <\/p>\n","protected":false},"author":1,"featured_media":0,"parent":0,"menu_order":0,"comment_status":"closed","ping_status":"closed","template":"","meta":{"footnotes":""},"class_list":["post-18","page","type-page","status-publish","hentry"],"_links":{"self":[{"href":"https:\/\/castorespl.it\/index.php?rest_route=\/wp\/v2\/pages\/18","targetHints":{"allow":["GET"]}}],"collection":[{"href":"https:\/\/castorespl.it\/index.php?rest_route=\/wp\/v2\/pages"}],"about":[{"href":"https:\/\/castorespl.it\/index.php?rest_route=\/wp\/v2\/types\/page"}],"author":[{"embeddable":true,"href":"https:\/\/castorespl.it\/index.php?rest_route=\/wp\/v2\/users\/1"}],"replies":[{"embeddable":true,"href":"https:\/\/castorespl.it\/index.php?rest_route=%2Fwp%2Fv2%2Fcomments&post=18"}],"version-history":[{"count":3,"href":"https:\/\/castorespl.it\/index.php?rest_route=\/wp\/v2\/pages\/18\/revisions"}],"predecessor-version":[{"id":3815,"href":"https:\/\/castorespl.it\/index.php?rest_route=\/wp\/v2\/pages\/18\/revisions\/3815"}],"wp:attachment":[{"href":"https:\/\/castorespl.it\/index.php?rest_route=%2Fwp%2Fv2%2Fmedia&parent=18"}],"curies":[{"name":"wp","href":"https:\/\/api.w.org\/{rel}","templated":true}]}}